{"id":5139,"date":"2023-03-06T13:40:05","date_gmt":"2023-03-06T12:40:05","guid":{"rendered":"https:\/\/wiceurope.com\/kariera\/"},"modified":"2024-03-06T10:14:47","modified_gmt":"2024-03-06T09:14:47","slug":"kariera","status":"publish","type":"page","link":"https:\/\/wiceurope.com\/pl\/kariera\/","title":{"rendered":"Kariera"},"content":{"rendered":"\t\t<div data-elementor-type=\"wp-page\" data-elementor-id=\"5139\" class=\"elementor elementor-5139 elementor-504\" data-elementor-post-type=\"page\">\n\t\t\t\t\t\t<section class=\"elementor-section elementor-top-section elementor-element elementor-element-5ddc6a5 elementor-section-boxed elementor-section-height-default elementor-section-height-default\" data-id=\"5ddc6a5\" data-element_type=\"section\" data-e-type=\"section\" data-settings=\"{&quot;background_background&quot;:&quot;classic&quot;}\">\n\t\t\t\t\t\t\t<div class=\"elementor-background-overlay\"><\/div>\n\t\t\t\t\t\t\t<div class=\"elementor-container elementor-column-gap-default\">\n\t\t\t\t\t<div class=\"elementor-column elementor-col-50 elementor-top-column elementor-element elementor-element-5384ff41\" data-id=\"5384ff41\" data-element_type=\"column\" data-e-type=\"column\">\n\t\t\t<div class=\"elementor-widget-wrap elementor-element-populated\">\n\t\t\t\t\t\t<div class=\"elementor-element elementor-element-7e6a2efd elementor-widget elementor-widget-heading\" data-id=\"7e6a2efd\" data-element_type=\"widget\" data-e-type=\"widget\" data-widget_type=\"heading.default\">\n\t\t\t\t<div class=\"elementor-widget-container\">\n\t\t\t\t\t<h2 class=\"elementor-heading-title elementor-size-default\">Kariera<\/h2>\t\t\t\t<\/div>\n\t\t\t\t<\/div>\n\t\t\t\t<div class=\"elementor-element elementor-element-5b39f4bf elementor-widget elementor-widget-heading\" data-id=\"5b39f4bf\" data-element_type=\"widget\" data-e-type=\"widget\" data-widget_type=\"heading.default\">\n\t\t\t\t<div class=\"elementor-widget-container\">\n\t\t\t\t\t<h2 class=\"elementor-heading-title elementor-size-default\">Zosta\u0144 cz\u0119\u015bci\u0105 zespo\u0142u WIC.<\/h2>\t\t\t\t<\/div>\n\t\t\t\t<\/div>\n\t\t\t\t\t<\/div>\n\t\t<\/div>\n\t\t\t\t<div class=\"elementor-column elementor-col-50 elementor-top-column elementor-element elementor-element-2a528829\" data-id=\"2a528829\" data-element_type=\"column\" data-e-type=\"column\">\n\t\t\t<div class=\"elementor-widget-wrap\">\n\t\t\t\t\t\t\t<\/div>\n\t\t<\/div>\n\t\t\t\t\t<\/div>\n\t\t<\/section>\n\t\t<div class=\"elementor-element elementor-element-a844740 e-flex e-con-boxed e-con e-parent\" data-id=\"a844740\" data-element_type=\"container\" data-e-type=\"container\">\n\t\t\t\t\t<div class=\"e-con-inner\">\n\t\t\t\t<div class=\"elementor-element elementor-element-c21635d elementor-widget elementor-widget-heading\" data-id=\"c21635d\" data-element_type=\"widget\" data-e-type=\"widget\" data-widget_type=\"heading.default\">\n\t\t\t\t<div class=\"elementor-widget-container\">\n\t\t\t\t\t<h2 class=\"elementor-heading-title elementor-size-default\">Wolne stanowiska<\/h2>\t\t\t\t<\/div>\n\t\t\t\t<\/div>\n\t\t\t\t\t<\/div>\n\t\t\t\t<\/div>\n\t\t\t\t<section class=\"elementor-section elementor-top-section elementor-element elementor-element-851c0a2 elementor-section-boxed elementor-section-height-default elementor-section-height-default\" data-id=\"851c0a2\" data-element_type=\"section\" data-e-type=\"section\">\n\t\t\t\t\t\t<div class=\"elementor-container elementor-column-gap-default\">\n\t\t\t\t\t<div class=\"elementor-column elementor-col-50 elementor-top-column elementor-element elementor-element-4e12d45\" data-id=\"4e12d45\" data-element_type=\"column\" data-e-type=\"column\">\n\t\t\t<div class=\"elementor-widget-wrap elementor-element-populated\">\n\t\t\t\t\t\t<div class=\"elementor-element elementor-element-1631002 elementor-widget elementor-widget-heading\" data-id=\"1631002\" data-element_type=\"widget\" data-e-type=\"widget\" data-widget_type=\"heading.default\">\n\t\t\t\t<div class=\"elementor-widget-container\">\n\t\t\t\t\t<h2 class=\"elementor-heading-title elementor-size-default\">Broker inwestycyjny<\/h2>\t\t\t\t<\/div>\n\t\t\t\t<\/div>\n\t\t\t\t<div class=\"elementor-element elementor-element-f81752a elementor-widget elementor-widget-heading\" data-id=\"f81752a\" data-element_type=\"widget\" data-e-type=\"widget\" data-widget_type=\"heading.default\">\n\t\t\t\t<div class=\"elementor-widget-container\">\n\t\t\t\t\t<h2 class=\"elementor-heading-title elementor-size-default\">Komunikacja telefoniczna i mailowa z klientami. Organizacja i prowadzenie spotka\u0144 osobistych w naszych salonach. Opieka nad klientem, rozwi\u0105zywanie jego wymaga\u0144, kompleksowa obs\u0142uga klienta. Zarz\u0105dzanie rutynowymi pracami administracyjnymi zwi\u0105zanymi z przydzielonym porz\u0105dkiem obrad. Kontraktowanie i doradztwo.<\/h2>\t\t\t\t<\/div>\n\t\t\t\t<\/div>\n\t\t\t\t<div class=\"elementor-element elementor-element-9d229ef elementor-widget elementor-widget-button\" data-id=\"9d229ef\" data-element_type=\"widget\" data-e-type=\"widget\" data-widget_type=\"button.default\">\n\t\t\t\t<div class=\"elementor-widget-container\">\n\t\t\t\t\t\t\t\t\t<div class=\"elementor-button-wrapper\">\n\t\t\t\t\t<a class=\"elementor-button elementor-button-link elementor-size-sm\" href=\"#elementor-action%3Aaction%3Dpopup%3Aopen%26settings%3DeyJpZCI6NjE0NCwidG9nZ2xlIjpmYWxzZX0%3D\">\n\t\t\t\t\t\t<span class=\"elementor-button-content-wrapper\">\n\t\t\t\t\t\t\t\t\t<span class=\"elementor-button-text\">Jestem zainteresowany stanowiskiem<\/span>\n\t\t\t\t\t<\/span>\n\t\t\t\t\t<\/a>\n\t\t\t\t<\/div>\n\t\t\t\t\t\t\t\t<\/div>\n\t\t\t\t<\/div>\n\t\t\t\t\t<\/div>\n\t\t<\/div>\n\t\t\t\t<div class=\"elementor-column elementor-col-50 elementor-top-column elementor-element elementor-element-44231d2 elementor-hidden-desktop elementor-hidden-laptop elementor-hidden-tablet elementor-hidden-mobile\" data-id=\"44231d2\" data-element_type=\"column\" data-e-type=\"column\">\n\t\t\t<div class=\"elementor-widget-wrap elementor-element-populated\">\n\t\t\t\t\t\t<div class=\"elementor-element elementor-element-d874946 elementor-widget elementor-widget-heading\" data-id=\"d874946\" data-element_type=\"widget\" data-e-type=\"widget\" data-widget_type=\"heading.default\">\n\t\t\t\t<div class=\"elementor-widget-container\">\n\t\t\t\t\t<h2 class=\"elementor-heading-title elementor-size-default\">Office Assistant<\/h2>\t\t\t\t<\/div>\n\t\t\t\t<\/div>\n\t\t\t\t<div class=\"elementor-element elementor-element-561ce33 elementor-widget elementor-widget-heading\" data-id=\"561ce33\" data-element_type=\"widget\" data-e-type=\"widget\" data-widget_type=\"heading.default\">\n\t\t\t\t<div class=\"elementor-widget-container\">\n\t\t\t\t\t<h2 class=\"elementor-heading-title elementor-size-default\">Komunikacja telefoniczna i e-mailowa z partnerami. Komunikacja z Wielk\u0105 Brytani\u0105 (wymagany poziom komunikacji angielski). Podsumowanie dokument\u00f3w dla dzia\u0142u ksi\u0119gowo\u015bci. Organizacja i zarz\u0105dzanie biurem. Zarz\u0105dzanie rutynowymi pracami administracyjnymi zwi\u0105zanymi z przydzielonym porz\u0105dkiem obrad.<\/h2>\t\t\t\t<\/div>\n\t\t\t\t<\/div>\n\t\t\t\t<div class=\"elementor-element elementor-element-ddde4de elementor-widget elementor-widget-button\" data-id=\"ddde4de\" data-element_type=\"widget\" data-e-type=\"widget\" data-widget_type=\"button.default\">\n\t\t\t\t<div class=\"elementor-widget-container\">\n\t\t\t\t\t\t\t\t\t<div class=\"elementor-button-wrapper\">\n\t\t\t\t\t<a class=\"elementor-button elementor-button-link elementor-size-sm\" href=\"#elementor-action%3Aaction%3Dpopup%3Aopen%26settings%3DeyJpZCI6NjE0NCwidG9nZ2xlIjpmYWxzZX0%3D\">\n\t\t\t\t\t\t<span class=\"elementor-button-content-wrapper\">\n\t\t\t\t\t\t\t\t\t<span class=\"elementor-button-text\">Jestem zainteresowany stanowiskiem<\/span>\n\t\t\t\t\t<\/span>\n\t\t\t\t\t<\/a>\n\t\t\t\t<\/div>\n\t\t\t\t\t\t\t\t<\/div>\n\t\t\t\t<\/div>\n\t\t\t\t\t<\/div>\n\t\t<\/div>\n\t\t\t\t\t<\/div>\n\t\t<\/section>\n\t\t\t\t<\/div>\n\t\t","protected":false},"excerpt":{"rendered":"<p>Kariera Zosta\u0144 cz\u0119\u015bci\u0105 zespo\u0142u WIC. Wolne stanowiska Broker inwestycyjny Komunikacja telefoniczna i mailowa z klientami. Organizacja i prowadzenie spotka\u0144 osobistych w naszych salonach. Opieka nad klientem, rozwi\u0105zywanie jego wymaga\u0144, kompleksowa obs\u0142uga klienta. Zarz\u0105dzanie rutynowymi pracami administracyjnymi zwi\u0105zanymi z przydzielonym porz\u0105dkiem obrad. Kontraktowanie i doradztwo. Jestem zainteresowany stanowiskiem Office Assistant Komunikacja telefoniczna i e-mailowa z partnerami. [&hellip;]<\/p>\n","protected":false},"author":1,"featured_media":5116,"parent":0,"menu_order":0,"comment_status":"closed","ping_status":"closed","template":"","meta":{"site-sidebar-layout":"no-sidebar","site-content-layout":"page-builder","ast-site-content-layout":"","site-content-style":"default","site-sidebar-style":"default","ast-global-header-display":"","ast-banner-title-visibility":"","ast-main-header-display":"","ast-hfb-above-header-display":"","ast-hfb-below-header-display":"","ast-hfb-mobile-header-display":"","site-post-title":"disabled","ast-breadcrumbs-content":"","ast-featured-img":"disabled","footer-sml-layout":"","theme-transparent-header-meta":"","adv-header-id-meta":"","stick-header-meta":"","header-above-stick-meta":"","header-main-stick-meta":"","header-below-stick-meta":"","astra-migrate-meta-layouts":"default","ast-page-background-enabled":"default","ast-page-background-meta":{"desktop":{"background-color":"var(--ast-global-color-4)","background-image":"","background-repeat":"repeat","background-position":"center center","background-size":"auto","background-attachment":"scroll","background-type":"","background-media":"","overlay-type":"","overlay-color":"","overlay-opacity":"","overlay-gradient":""},"tablet":{"background-color":"","background-image":"","background-repeat":"repeat","background-position":"center center","background-size":"auto","background-attachment":"scroll","background-type":"","background-media":"","overlay-type":"","overlay-color":"","overlay-opacity":"","overlay-gradient":""},"mobile":{"background-color":"","background-image":"","background-repeat":"repeat","background-position":"center center","background-size":"auto","background-attachment":"scroll","background-type":"","background-media":"","overlay-type":"","overlay-color":"","overlay-opacity":"","overlay-gradient":""}},"ast-content-background-meta":{"desktop":{"background-color":"var(--ast-global-color-5)","background-image":"","background-repeat":"repeat","background-position":"center center","background-size":"auto","background-attachment":"scroll","background-type":"","background-media":"","overlay-type":"","overlay-color":"","overlay-opacity":"","overlay-gradient":""},"tablet":{"background-color":"var(--ast-global-color-5)","background-image":"","background-repeat":"repeat","background-position":"center center","background-size":"auto","background-attachment":"scroll","background-type":"","background-media":"","overlay-type":"","overlay-color":"","overlay-opacity":"","overlay-gradient":""},"mobile":{"background-color":"var(--ast-global-color-5)","background-image":"","background-repeat":"repeat","background-position":"center center","background-size":"auto","background-attachment":"scroll","background-type":"","background-media":"","overlay-type":"","overlay-color":"","overlay-opacity":"","overlay-gradient":""}},"footnotes":""},"class_list":["post-5139","page","type-page","status-publish","has-post-thumbnail","hentry"],"yoast_head":"<!-- This site is optimized with the Yoast SEO plugin v27.5 - https:\/\/yoast.com\/product\/yoast-seo-wordpress\/ -->\n<title>Kariera | WIC Global SE<\/title>\n<meta name=\"description\" content=\"Zosta\u0144 cz\u0119\u015bci\u0105 zespo\u0142u WIC Global SE. Sta\u0142e wynagrodzenie, atrakcyjne prowizje, mo\u017cliwo\u015b\u0107 rozwoju kariery, regularne budowanie zespo\u0142u i wiele wi\u0119cej.\" \/>\n<meta name=\"robots\" content=\"index, follow, max-snippet:-1, max-image-preview:large, max-video-preview:-1\" \/>\n<link rel=\"canonical\" href=\"https:\/\/wiceurope.com\/pl\/kariera\/\" \/>\n<meta property=\"og:locale\" content=\"pl_PL\" \/>\n<meta property=\"og:type\" content=\"article\" \/>\n<meta property=\"og:title\" content=\"Kariera | WIC Global SE\" \/>\n<meta property=\"og:description\" content=\"Zosta\u0144 cz\u0119\u015bci\u0105 zespo\u0142u WIC Global SE. Sta\u0142e wynagrodzenie, atrakcyjne prowizje, mo\u017cliwo\u015b\u0107 rozwoju kariery, regularne budowanie zespo\u0142u i wiele wi\u0119cej.\" \/>\n<meta property=\"og:url\" content=\"https:\/\/wiceurope.com\/pl\/kariera\/\" \/>\n<meta property=\"og:site_name\" content=\"WIC Global SE\" \/>\n<meta property=\"article:publisher\" content=\"https:\/\/www.facebook.com\/wiceurope\" \/>\n<meta property=\"article:modified_time\" content=\"2024-03-06T09:14:47+00:00\" \/>\n<meta property=\"og:image\" content=\"https:\/\/wiceurope.com\/wp-content\/uploads\/2023\/04\/cover.png\" \/>\n\t<meta property=\"og:image:width\" content=\"5000\" \/>\n\t<meta property=\"og:image:height\" content=\"2813\" \/>\n\t<meta property=\"og:image:type\" content=\"image\/png\" \/>\n<meta name=\"twitter:card\" content=\"summary_large_image\" \/>\n<script type=\"application\/ld+json\" class=\"yoast-schema-graph\">{\"@context\":\"https:\\\/\\\/schema.org\",\"@graph\":[{\"@type\":\"WebPage\",\"@id\":\"https:\\\/\\\/wiceurope.com\\\/pl\\\/kariera\\\/\",\"url\":\"https:\\\/\\\/wiceurope.com\\\/pl\\\/kariera\\\/\",\"name\":\"Kariera | WIC Global SE\",\"isPartOf\":{\"@id\":\"https:\\\/\\\/wiceurope.com\\\/#website\"},\"primaryImageOfPage\":{\"@id\":\"https:\\\/\\\/wiceurope.com\\\/pl\\\/kariera\\\/#primaryimage\"},\"image\":{\"@id\":\"https:\\\/\\\/wiceurope.com\\\/pl\\\/kariera\\\/#primaryimage\"},\"thumbnailUrl\":\"https:\\\/\\\/wiceurope.com\\\/wp-content\\\/uploads\\\/2023\\\/04\\\/cover.png\",\"datePublished\":\"2023-03-06T12:40:05+00:00\",\"dateModified\":\"2024-03-06T09:14:47+00:00\",\"description\":\"Zosta\u0144 cz\u0119\u015bci\u0105 zespo\u0142u WIC Global SE. Sta\u0142e wynagrodzenie, atrakcyjne prowizje, mo\u017cliwo\u015b\u0107 rozwoju kariery, regularne budowanie zespo\u0142u i wiele wi\u0119cej.\",\"breadcrumb\":{\"@id\":\"https:\\\/\\\/wiceurope.com\\\/pl\\\/kariera\\\/#breadcrumb\"},\"inLanguage\":\"pl-PL\",\"potentialAction\":[{\"@type\":\"ReadAction\",\"target\":[\"https:\\\/\\\/wiceurope.com\\\/pl\\\/kariera\\\/\"]}]},{\"@type\":\"ImageObject\",\"inLanguage\":\"pl-PL\",\"@id\":\"https:\\\/\\\/wiceurope.com\\\/pl\\\/kariera\\\/#primaryimage\",\"url\":\"https:\\\/\\\/wiceurope.com\\\/wp-content\\\/uploads\\\/2023\\\/04\\\/cover.png\",\"contentUrl\":\"https:\\\/\\\/wiceurope.com\\\/wp-content\\\/uploads\\\/2023\\\/04\\\/cover.png\",\"width\":5000,\"height\":2813},{\"@type\":\"BreadcrumbList\",\"@id\":\"https:\\\/\\\/wiceurope.com\\\/pl\\\/kariera\\\/#breadcrumb\",\"itemListElement\":[{\"@type\":\"ListItem\",\"position\":1,\"name\":\"Home\",\"item\":\"https:\\\/\\\/wiceurope.com\\\/en\\\/\"},{\"@type\":\"ListItem\",\"position\":2,\"name\":\"Kariera\"}]},{\"@type\":\"WebSite\",\"@id\":\"https:\\\/\\\/wiceurope.com\\\/#website\",\"url\":\"https:\\\/\\\/wiceurope.com\\\/\",\"name\":\"WIC Global SE\",\"description\":\"Zainwestuj w wieczno\u015b\u0107\",\"publisher\":{\"@id\":\"https:\\\/\\\/wiceurope.com\\\/#organization\"},\"alternateName\":\"wic, WIC Global SE\",\"potentialAction\":[{\"@type\":\"SearchAction\",\"target\":{\"@type\":\"EntryPoint\",\"urlTemplate\":\"https:\\\/\\\/wiceurope.com\\\/?s={search_term_string}\"},\"query-input\":{\"@type\":\"PropertyValueSpecification\",\"valueRequired\":true,\"valueName\":\"search_term_string\"}}],\"inLanguage\":\"pl-PL\"},{\"@type\":\"Organization\",\"@id\":\"https:\\\/\\\/wiceurope.com\\\/#organization\",\"name\":\"WIC EUROPE\",\"url\":\"https:\\\/\\\/wiceurope.com\\\/\",\"logo\":{\"@type\":\"ImageObject\",\"inLanguage\":\"pl-PL\",\"@id\":\"https:\\\/\\\/wiceurope.com\\\/#\\\/schema\\\/logo\\\/image\\\/\",\"url\":\"https:\\\/\\\/wiceurope.com\\\/wp-content\\\/uploads\\\/2023\\\/02\\\/logo-1.png\",\"contentUrl\":\"https:\\\/\\\/wiceurope.com\\\/wp-content\\\/uploads\\\/2023\\\/02\\\/logo-1.png\",\"width\":988,\"height\":308,\"caption\":\"WIC EUROPE\"},\"image\":{\"@id\":\"https:\\\/\\\/wiceurope.com\\\/#\\\/schema\\\/logo\\\/image\\\/\"},\"sameAs\":[\"https:\\\/\\\/www.facebook.com\\\/wiceurope\",\"http:\\\/\\\/instagram.com\\\/wic_europe\\\/\"]}]}<\/script>\n<!-- \/ Yoast SEO plugin. -->","yoast_head_json":{"title":"Kariera | WIC Global SE","description":"Zosta\u0144 cz\u0119\u015bci\u0105 zespo\u0142u WIC Global SE. Sta\u0142e wynagrodzenie, atrakcyjne prowizje, mo\u017cliwo\u015b\u0107 rozwoju kariery, regularne budowanie zespo\u0142u i wiele wi\u0119cej.","robots":{"index":"index","follow":"follow","max-snippet":"max-snippet:-1","max-image-preview":"max-image-preview:large","max-video-preview":"max-video-preview:-1"},"canonical":"https:\/\/wiceurope.com\/pl\/kariera\/","og_locale":"pl_PL","og_type":"article","og_title":"Kariera | WIC Global SE","og_description":"Zosta\u0144 cz\u0119\u015bci\u0105 zespo\u0142u WIC Global SE. Sta\u0142e wynagrodzenie, atrakcyjne prowizje, mo\u017cliwo\u015b\u0107 rozwoju kariery, regularne budowanie zespo\u0142u i wiele wi\u0119cej.","og_url":"https:\/\/wiceurope.com\/pl\/kariera\/","og_site_name":"WIC Global SE","article_publisher":"https:\/\/www.facebook.com\/wiceurope","article_modified_time":"2024-03-06T09:14:47+00:00","og_image":[{"width":5000,"height":2813,"url":"https:\/\/wiceurope.com\/wp-content\/uploads\/2023\/04\/cover.png","type":"image\/png"}],"twitter_card":"summary_large_image","schema":{"@context":"https:\/\/schema.org","@graph":[{"@type":"WebPage","@id":"https:\/\/wiceurope.com\/pl\/kariera\/","url":"https:\/\/wiceurope.com\/pl\/kariera\/","name":"Kariera | WIC Global SE","isPartOf":{"@id":"https:\/\/wiceurope.com\/#website"},"primaryImageOfPage":{"@id":"https:\/\/wiceurope.com\/pl\/kariera\/#primaryimage"},"image":{"@id":"https:\/\/wiceurope.com\/pl\/kariera\/#primaryimage"},"thumbnailUrl":"https:\/\/wiceurope.com\/wp-content\/uploads\/2023\/04\/cover.png","datePublished":"2023-03-06T12:40:05+00:00","dateModified":"2024-03-06T09:14:47+00:00","description":"Zosta\u0144 cz\u0119\u015bci\u0105 zespo\u0142u WIC Global SE. Sta\u0142e wynagrodzenie, atrakcyjne prowizje, mo\u017cliwo\u015b\u0107 rozwoju kariery, regularne budowanie zespo\u0142u i wiele wi\u0119cej.","breadcrumb":{"@id":"https:\/\/wiceurope.com\/pl\/kariera\/#breadcrumb"},"inLanguage":"pl-PL","potentialAction":[{"@type":"ReadAction","target":["https:\/\/wiceurope.com\/pl\/kariera\/"]}]},{"@type":"ImageObject","inLanguage":"pl-PL","@id":"https:\/\/wiceurope.com\/pl\/kariera\/#primaryimage","url":"https:\/\/wiceurope.com\/wp-content\/uploads\/2023\/04\/cover.png","contentUrl":"https:\/\/wiceurope.com\/wp-content\/uploads\/2023\/04\/cover.png","width":5000,"height":2813},{"@type":"BreadcrumbList","@id":"https:\/\/wiceurope.com\/pl\/kariera\/#breadcrumb","itemListElement":[{"@type":"ListItem","position":1,"name":"Home","item":"https:\/\/wiceurope.com\/en\/"},{"@type":"ListItem","position":2,"name":"Kariera"}]},{"@type":"WebSite","@id":"https:\/\/wiceurope.com\/#website","url":"https:\/\/wiceurope.com\/","name":"WIC Global SE","description":"Zainwestuj w wieczno\u015b\u0107","publisher":{"@id":"https:\/\/wiceurope.com\/#organization"},"alternateName":"wic, WIC Global SE","potentialAction":[{"@type":"SearchAction","target":{"@type":"EntryPoint","urlTemplate":"https:\/\/wiceurope.com\/?s={search_term_string}"},"query-input":{"@type":"PropertyValueSpecification","valueRequired":true,"valueName":"search_term_string"}}],"inLanguage":"pl-PL"},{"@type":"Organization","@id":"https:\/\/wiceurope.com\/#organization","name":"WIC EUROPE","url":"https:\/\/wiceurope.com\/","logo":{"@type":"ImageObject","inLanguage":"pl-PL","@id":"https:\/\/wiceurope.com\/#\/schema\/logo\/image\/","url":"https:\/\/wiceurope.com\/wp-content\/uploads\/2023\/02\/logo-1.png","contentUrl":"https:\/\/wiceurope.com\/wp-content\/uploads\/2023\/02\/logo-1.png","width":988,"height":308,"caption":"WIC EUROPE"},"image":{"@id":"https:\/\/wiceurope.com\/#\/schema\/logo\/image\/"},"sameAs":["https:\/\/www.facebook.com\/wiceurope","http:\/\/instagram.com\/wic_europe\/"]}]}},"_links":{"self":[{"href":"https:\/\/wiceurope.com\/pl\/wp-json\/wp\/v2\/pages\/5139","targetHints":{"allow":["GET"]}}],"collection":[{"href":"https:\/\/wiceurope.com\/pl\/wp-json\/wp\/v2\/pages"}],"about":[{"href":"https:\/\/wiceurope.com\/pl\/wp-json\/wp\/v2\/types\/page"}],"author":[{"embeddable":true,"href":"https:\/\/wiceurope.com\/pl\/wp-json\/wp\/v2\/users\/1"}],"replies":[{"embeddable":true,"href":"https:\/\/wiceurope.com\/pl\/wp-json\/wp\/v2\/comments?post=5139"}],"version-history":[{"count":4,"href":"https:\/\/wiceurope.com\/pl\/wp-json\/wp\/v2\/pages\/5139\/revisions"}],"predecessor-version":[{"id":6134,"href":"https:\/\/wiceurope.com\/pl\/wp-json\/wp\/v2\/pages\/5139\/revisions\/6134"}],"wp:featuredmedia":[{"embeddable":true,"href":"https:\/\/wiceurope.com\/pl\/wp-json\/wp\/v2\/media\/5116"}],"wp:attachment":[{"href":"https:\/\/wiceurope.com\/pl\/wp-json\/wp\/v2\/media?parent=5139"}],"curies":[{"name":"wp","href":"https:\/\/api.w.org\/{rel}","templated":true}]}}